{"id":67,"date":"2021-11-04T12:02:43","date_gmt":"2021-11-04T11:02:43","guid":{"rendered":"http:\/\/abloc.coach\/?page_id=67"},"modified":"2021-11-05T11:44:53","modified_gmt":"2021-11-05T10:44:53","slug":"formule-elite","status":"publish","type":"page","link":"https:\/\/abloc.coach\/index.php\/formules\/formule-elite\/","title":{"rendered":"Formule Elite"},"content":{"rendered":"\r\n<h2 class=\"has-large-font-size\"><strong>Formule Elite<\/strong><\/h2>\r\n\r\n\r\n\r\n<p>Formule\u00a0qui permet d\u2019optimiser son entra\u00eenement et d\u2019atteindre son plus haut niveau possible.<\/p>\r\n\r\n\r\n\r\n<p>L\u2019athl\u00e8te a \u00e0 sa disposition un capteur de puissance et les s\u00e9ances sont programm\u00e9es et optimis\u00e9es en fonction des tests mis en place gr\u00e2ce \u00e0 ce capteur.<\/p>\r\n\r\n\r\n\r\n<p>Le nombre de s\u00e9ances est illimit\u00e9 par semaine, des conseils nutritionnels, tactiques, mentaux et de la musculation seront mis en place<\/p>\r\n\r\n\r\n\r\n<p>Idem pour les \u00e9changes illimit\u00e9s par mails ou messages et les appels t\u00e9l\u00e9phoniques sont d\u2019un par semaine.<\/p>\r\n\r\n\r\n\r\n<p>Cette\u00a0formule\u00a0est destin\u00e9e aux personnes qui souhaitent optimiser leur entra\u00eenement, travailler de mani\u00e8re pr\u00e9cise avec le capteur de puissance et ainsi avoir le meilleur entra\u00eenement possible.<\/p>\r\n\r\n\r\n\r\n<h3 class=\"has-medium-font-size\"><strong>Tarifs:<\/strong><\/h3>\r\n\r\n\r\n\r\n<ul class=\"wp-block-list\">\r\n<li>Engagement 1 mois 179\u20ac\/mois<\/li>\r\n<\/ul>\r\n\r\n\r\n\r\n<ul class=\"wp-block-list\">\r\n<li>Engagement 3 mois 170\u20ac\/mois<\/li>\r\n<\/ul>\r\n\r\n\r\n\r\n<ul class=\"wp-block-list\">\r\n<li>Engagement 6 mois 161\u20ac\/mois<\/li>\r\n<\/ul>\r\n\r\n\r\n\r\n<ul class=\"wp-block-list\">\r\n<li>Engagement 1 an 152\u20ac\/mois<\/li>\r\n<\/ul>\r\n","protected":false},"excerpt":{"rendered":"<p>Formule Elite Formule\u00a0qui permet d\u2019optimiser son entra\u00eenement et d\u2019atteindre son plus haut niveau possible. L\u2019athl\u00e8te a \u00e0 sa disposition un capteur de puissance et les s\u00e9ances sont programm\u00e9es et optimis\u00e9es en fonction des tests mis en place gr\u00e2ce \u00e0 ce capteur. Le nombre de s\u00e9ances est illimit\u00e9 par semaine, des conseils nutritionnels, tactiques, mentaux et [&hellip;]<\/p>\n","protected":false},"author":1,"featured_media":0,"parent":39,"menu_order":3,"comment_status":"closed","ping_status":"closed","template":"","meta":{"footnotes":""},"class_list":["post-67","page","type-page","status-publish","hentry"],"_links":{"self":[{"href":"https:\/\/abloc.coach\/index.php\/wp-json\/wp\/v2\/pages\/67","targetHints":{"allow":["GET"]}}],"collection":[{"href":"https:\/\/abloc.coach\/index.php\/wp-json\/wp\/v2\/pages"}],"about":[{"href":"https:\/\/abloc.coach\/index.php\/wp-json\/wp\/v2\/types\/page"}],"author":[{"embeddable":true,"href":"https:\/\/abloc.coach\/index.php\/wp-json\/wp\/v2\/users\/1"}],"replies":[{"embeddable":true,"href":"https:\/\/abloc.coach\/index.php\/wp-json\/wp\/v2\/comments?post=67"}],"version-history":[{"count":4,"href":"https:\/\/abloc.coach\/index.php\/wp-json\/wp\/v2\/pages\/67\/revisions"}],"predecessor-version":[{"id":175,"href":"https:\/\/abloc.coach\/index.php\/wp-json\/wp\/v2\/pages\/67\/revisions\/175"}],"up":[{"embeddable":true,"href":"https:\/\/abloc.coach\/index.php\/wp-json\/wp\/v2\/pages\/39"}],"wp:attachment":[{"href":"https:\/\/abloc.coach\/index.php\/wp-json\/wp\/v2\/media?parent=67"}],"curies":[{"name":"wp","href":"https:\/\/api.w.org\/{rel}","templated":true}]}}