{"id":64,"date":"2021-11-04T12:00:23","date_gmt":"2021-11-04T11:00:23","guid":{"rendered":"http:\/\/abloc.coach\/?page_id=64"},"modified":"2021-11-05T11:44:34","modified_gmt":"2021-11-05T10:44:34","slug":"formule-confirme","status":"publish","type":"page","link":"https:\/\/abloc.coach\/index.php\/formules\/formule-confirme\/","title":{"rendered":"Formule Confirm\u00e9"},"content":{"rendered":"\r\n<h2 class=\"has-large-font-size\"><strong>Formule Confirm\u00e9<\/strong><\/h2>\r\n\r\n\r\n\r\n<p>Compos\u00e9e de 4-5 s\u00e9ances d&rsquo;entra\u00eenement par semaine.<\/p>\r\n\r\n\r\n\r\n<p>Idem \u00e0 la\u00a0formule\u00a0pr\u00e9c\u00e9dente, un questionnaire de base sera demand\u00e9, le programme sera d\u00e9fini en fonction des objectifs de chacun et est bien s\u00fbr individuel.<\/p>\r\n\r\n\r\n\r\n<p>Pour atteindre au mieux les objectifs et travailler avec qualit\u00e9, des tests seront mis en place, avec possibilit\u00e9 d\u2019exercices de renforcement musculaire<\/p>\r\n\r\n\r\n\r\n<p>En ce qui concerne les \u00e9changes ils s\u2019effectuent par mail 1 fois par semaine ainsi que 2 appels t\u00e9l\u00e9phoniques par mois sont possibles.<\/p>\r\n\r\n\r\n\r\n<p>Il s\u2019agit d\u2019une\u00a0formule\u00a0id\u00e9ale pour un athl\u00e8te souhaitant progresser dans son sport.<\/p>\r\n\r\n\r\n\r\n<h3 class=\"has-medium-font-size\"><strong>Tarifs:<\/strong><\/h3>\r\n\r\n\r\n\r\n<ul class=\"wp-block-list\">\r\n<li>Engagement 1 mois 132\u20ac\/mois<\/li>\r\n<\/ul>\r\n\r\n\r\n\r\n<ul class=\"wp-block-list\">\r\n<li>Engagement 3 mois 125\u20ac\/mois<\/li>\r\n<\/ul>\r\n\r\n\r\n\r\n<ul class=\"wp-block-list\">\r\n<li>Engagement 6 mois 119\u20ac\/mois<\/li>\r\n<\/ul>\r\n\r\n\r\n\r\n<ul class=\"wp-block-list\">\r\n<li>Engagement 1 an 112\u20ac\/mois<\/li>\r\n<\/ul>\r\n","protected":false},"excerpt":{"rendered":"<p>Formule Confirm\u00e9 Compos\u00e9e de 4-5 s\u00e9ances d&rsquo;entra\u00eenement par semaine. Idem \u00e0 la\u00a0formule\u00a0pr\u00e9c\u00e9dente, un questionnaire de base sera demand\u00e9, le programme sera d\u00e9fini en fonction des objectifs de chacun et est bien s\u00fbr individuel. Pour atteindre au mieux les objectifs et travailler avec qualit\u00e9, des tests seront mis en place, avec possibilit\u00e9 d\u2019exercices de renforcement musculaire [&hellip;]<\/p>\n","protected":false},"author":1,"featured_media":0,"parent":39,"menu_order":2,"comment_status":"closed","ping_status":"closed","template":"","meta":{"footnotes":""},"class_list":["post-64","page","type-page","status-publish","hentry"],"_links":{"self":[{"href":"https:\/\/abloc.coach\/index.php\/wp-json\/wp\/v2\/pages\/64","targetHints":{"allow":["GET"]}}],"collection":[{"href":"https:\/\/abloc.coach\/index.php\/wp-json\/wp\/v2\/pages"}],"about":[{"href":"https:\/\/abloc.coach\/index.php\/wp-json\/wp\/v2\/types\/page"}],"author":[{"embeddable":true,"href":"https:\/\/abloc.coach\/index.php\/wp-json\/wp\/v2\/users\/1"}],"replies":[{"embeddable":true,"href":"https:\/\/abloc.coach\/index.php\/wp-json\/wp\/v2\/comments?post=64"}],"version-history":[{"count":4,"href":"https:\/\/abloc.coach\/index.php\/wp-json\/wp\/v2\/pages\/64\/revisions"}],"predecessor-version":[{"id":174,"href":"https:\/\/abloc.coach\/index.php\/wp-json\/wp\/v2\/pages\/64\/revisions\/174"}],"up":[{"embeddable":true,"href":"https:\/\/abloc.coach\/index.php\/wp-json\/wp\/v2\/pages\/39"}],"wp:attachment":[{"href":"https:\/\/abloc.coach\/index.php\/wp-json\/wp\/v2\/media?parent=64"}],"curies":[{"name":"wp","href":"https:\/\/api.w.org\/{rel}","templated":true}]}}