{"id":58,"date":"2021-11-04T11:52:10","date_gmt":"2021-11-04T10:52:10","guid":{"rendered":"http:\/\/abloc.coach\/?page_id=58"},"modified":"2021-11-05T11:44:22","modified_gmt":"2021-11-05T10:44:22","slug":"formule-debutant","status":"publish","type":"page","link":"https:\/\/abloc.coach\/index.php\/formules\/formule-debutant\/","title":{"rendered":"Formule D\u00e9butant"},"content":{"rendered":"\r\n<h2 class=\"has-large-font-size\"><strong>Formule D\u00e9butant <\/strong><\/h2>\r\n\r\n\r\n\r\n<p>Elle est compos\u00e9e de 3-4 s\u00e9ances d&rsquo;entra\u00eenement par semaine.<\/p>\r\n\r\n\r\n\r\n<p>Comme toutes les\u00a0formules, un questionnaire pour conna\u00eetre l\u2019athl\u00e8te est mis en place, ainsi, le programme est ax\u00e9 en fonction des besoins de l\u2019athl\u00e8te et lui est personnel en fonction de ses objectifs.<\/p>\r\n\r\n\r\n\r\n<p>Les \u00e9changes s\u2019effectuent principalement par mail 2 \u00e0 3 fois par mois.<\/p>\r\n\r\n\r\n\r\n<p>Cette\u00a0formule\u00a0me semble id\u00e9ale pour une personne qui d\u00e9bute et qui souhaite un entra\u00eenement structur\u00e9 avec un entra\u00eeneur.<\/p>\r\n\r\n\r\n\r\n<h3 class=\"has-medium-font-size\"><strong>Tarifs:<\/strong><\/h3>\r\n\r\n\r\n\r\n<ul class=\"wp-block-list\">\r\n<li>Engagement 1 mois 89\u20ac\/mois<\/li>\r\n<\/ul>\r\n\r\n\r\n\r\n<ul class=\"wp-block-list\">\r\n<li>Engagement 3 mois 84\u20ac\/mois<\/li>\r\n<\/ul>\r\n\r\n\r\n\r\n<ul class=\"wp-block-list\">\r\n<li>Engagement 6 mois 80\u20ac\/mois<\/li>\r\n<\/ul>\r\n\r\n\r\n\r\n<ul class=\"wp-block-list\">\r\n<li>Engagement 1 an 76\u20ac\/mois<\/li>\r\n<\/ul>\r\n","protected":false},"excerpt":{"rendered":"<p>Formule D\u00e9butant Elle est compos\u00e9e de 3-4 s\u00e9ances d&rsquo;entra\u00eenement par semaine. Comme toutes les\u00a0formules, un questionnaire pour conna\u00eetre l\u2019athl\u00e8te est mis en place, ainsi, le programme est ax\u00e9 en fonction des besoins de l\u2019athl\u00e8te et lui est personnel en fonction de ses objectifs. Les \u00e9changes s\u2019effectuent principalement par mail 2 \u00e0 3 fois par mois. [&hellip;]<\/p>\n","protected":false},"author":1,"featured_media":0,"parent":39,"menu_order":1,"comment_status":"closed","ping_status":"closed","template":"","meta":{"footnotes":""},"class_list":["post-58","page","type-page","status-publish","hentry"],"_links":{"self":[{"href":"https:\/\/abloc.coach\/index.php\/wp-json\/wp\/v2\/pages\/58","targetHints":{"allow":["GET"]}}],"collection":[{"href":"https:\/\/abloc.coach\/index.php\/wp-json\/wp\/v2\/pages"}],"about":[{"href":"https:\/\/abloc.coach\/index.php\/wp-json\/wp\/v2\/types\/page"}],"author":[{"embeddable":true,"href":"https:\/\/abloc.coach\/index.php\/wp-json\/wp\/v2\/users\/1"}],"replies":[{"embeddable":true,"href":"https:\/\/abloc.coach\/index.php\/wp-json\/wp\/v2\/comments?post=58"}],"version-history":[{"count":5,"href":"https:\/\/abloc.coach\/index.php\/wp-json\/wp\/v2\/pages\/58\/revisions"}],"predecessor-version":[{"id":173,"href":"https:\/\/abloc.coach\/index.php\/wp-json\/wp\/v2\/pages\/58\/revisions\/173"}],"up":[{"embeddable":true,"href":"https:\/\/abloc.coach\/index.php\/wp-json\/wp\/v2\/pages\/39"}],"wp:attachment":[{"href":"https:\/\/abloc.coach\/index.php\/wp-json\/wp\/v2\/media?parent=58"}],"curies":[{"name":"wp","href":"https:\/\/api.w.org\/{rel}","templated":true}]}}