{"id":182,"date":"2021-11-05T13:46:08","date_gmt":"2021-11-05T12:46:08","guid":{"rendered":"http:\/\/abloc.coach\/?page_id=182"},"modified":"2024-12-31T16:22:15","modified_gmt":"2024-12-31T15:22:15","slug":"boutique","status":"publish","type":"page","link":"https:\/\/abloc.coach\/index.php\/boutique\/","title":{"rendered":"Boutique"},"content":{"rendered":"<h2>Boutique ABloc<\/h2>\n<h5>Vous voulez rouler en ABloc, faire partie de la communaut\u00e9 ABloc?<\/h5>\n<p>Voici les tenues ABloc:<\/p>\n<p><img loading=\"lazy\" decoding=\"async\" class=\"alignnone size-full wp-image-355\" src=\"https:\/\/abloc.coach\/wp-content\/uploads\/2024\/12\/AB.png\" alt=\"\" width=\"1946\" height=\"1082\" srcset=\"https:\/\/abloc.coach\/wp-content\/uploads\/2024\/12\/AB.png 1946w, https:\/\/abloc.coach\/wp-content\/uploads\/2024\/12\/AB-300x167.png 300w, https:\/\/abloc.coach\/wp-content\/uploads\/2024\/12\/AB-1024x569.png 1024w, https:\/\/abloc.coach\/wp-content\/uploads\/2024\/12\/AB-768x427.png 768w, https:\/\/abloc.coach\/wp-content\/uploads\/2024\/12\/AB-1536x854.png 1536w\" sizes=\"auto, (max-width: 1946px) 100vw, 1946px\" \/><\/p>\n<p>Tenue 2025<\/p>\n<p><img loading=\"lazy\" decoding=\"async\" class=\"alignnone wp-image-184 size-full\" src=\"https:\/\/abloc.coach\/wp-content\/uploads\/2021\/11\/ABloc-scaled.jpg\" alt=\"\" width=\"2560\" height=\"1049\" srcset=\"https:\/\/abloc.coach\/wp-content\/uploads\/2021\/11\/ABloc-scaled.jpg 2560w, https:\/\/abloc.coach\/wp-content\/uploads\/2021\/11\/ABloc-300x123.jpg 300w, https:\/\/abloc.coach\/wp-content\/uploads\/2021\/11\/ABloc-1024x419.jpg 1024w, https:\/\/abloc.coach\/wp-content\/uploads\/2021\/11\/ABloc-768x315.jpg 768w, https:\/\/abloc.coach\/wp-content\/uploads\/2021\/11\/ABloc-1536x629.jpg 1536w, https:\/\/abloc.coach\/wp-content\/uploads\/2021\/11\/ABloc-2048x839.jpg 2048w\" sizes=\"auto, (max-width: 2560px) 100vw, 2560px\" \/><\/p>\n<p>Tenue Black&amp;White<\/p>\n<p><img loading=\"lazy\" decoding=\"async\" class=\"alignnone size-full wp-image-188\" src=\"https:\/\/abloc.coach\/wp-content\/uploads\/2021\/11\/ABloc_fluo.png\" alt=\"\" width=\"1237\" height=\"688\" srcset=\"https:\/\/abloc.coach\/wp-content\/uploads\/2021\/11\/ABloc_fluo.png 1237w, https:\/\/abloc.coach\/wp-content\/uploads\/2021\/11\/ABloc_fluo-300x167.png 300w, https:\/\/abloc.coach\/wp-content\/uploads\/2021\/11\/ABloc_fluo-1024x570.png 1024w, https:\/\/abloc.coach\/wp-content\/uploads\/2021\/11\/ABloc_fluo-768x427.png 768w\" sizes=\"auto, (max-width: 1237px) 100vw, 1237px\" \/><\/p>\n<p>Tenue Fluo s\u00e9curit\u00e9<\/p>\n<h2>Prix:<\/h2>\n<ul>\n<li>Maillot Court: 49\u20ac<\/li>\n<li>Maillot Long: 69\u20ac<\/li>\n<li>Cuissard Court: 59\u20ac<\/li>\n<li>Cuissard Long: 75\u20ac<\/li>\n<li>Combinaison course: 95\u20ac<\/li>\n<\/ul>\n","protected":false},"excerpt":{"rendered":"<p>Boutique ABloc Vous voulez rouler en ABloc, faire partie de la communaut\u00e9 ABloc? Voici les tenues ABloc: Tenue 2025 Tenue Black&amp;White Tenue Fluo s\u00e9curit\u00e9 Prix: Maillot Court: 49\u20ac Maillot Long: 69\u20ac Cuissard Court: 59\u20ac Cuissard Long: 75\u20ac Combinaison course: 95\u20ac<\/p>\n","protected":false},"author":1,"featured_media":0,"parent":0,"menu_order":4,"comment_status":"closed","ping_status":"closed","template":"","meta":{"footnotes":""},"class_list":["post-182","page","type-page","status-publish","hentry"],"_links":{"self":[{"href":"https:\/\/abloc.coach\/index.php\/wp-json\/wp\/v2\/pages\/182","targetHints":{"allow":["GET"]}}],"collection":[{"href":"https:\/\/abloc.coach\/index.php\/wp-json\/wp\/v2\/pages"}],"about":[{"href":"https:\/\/abloc.coach\/index.php\/wp-json\/wp\/v2\/types\/page"}],"author":[{"embeddable":true,"href":"https:\/\/abloc.coach\/index.php\/wp-json\/wp\/v2\/users\/1"}],"replies":[{"embeddable":true,"href":"https:\/\/abloc.coach\/index.php\/wp-json\/wp\/v2\/comments?post=182"}],"version-history":[{"count":7,"href":"https:\/\/abloc.coach\/index.php\/wp-json\/wp\/v2\/pages\/182\/revisions"}],"predecessor-version":[{"id":356,"href":"https:\/\/abloc.coach\/index.php\/wp-json\/wp\/v2\/pages\/182\/revisions\/356"}],"wp:attachment":[{"href":"https:\/\/abloc.coach\/index.php\/wp-json\/wp\/v2\/media?parent=182"}],"curies":[{"name":"wp","href":"https:\/\/api.w.org\/{rel}","templated":true}]}}